{"id":12481,"date":"2021-09-15T16:39:19","date_gmt":"2021-09-15T19:39:19","guid":{"rendered":"https:\/\/noticiarionoar.online\/?page_id=12481"},"modified":"2021-09-15T16:39:20","modified_gmt":"2021-09-15T19:39:20","slug":"sobre","status":"publish","type":"page","link":"https:\/\/noticiarionoar.online\/?page_id=12481","title":{"rendered":"Sobre"},"content":{"rendered":"\n<p>Seja bem vindo ao nosso site. Aqui voc\u00ea encontrar\u00e1 diversas not\u00edcias do dia dia e tamb\u00e9m muitas novidades.<\/p>\n\n\n\n<p>Navegue a vontade em nosso site!<\/p>\n","protected":false},"excerpt":{"rendered":"<p>Seja bem vindo ao nosso site. Aqui voc\u00ea encontrar\u00e1 diversas not\u00edcias do dia dia e tamb\u00e9m muitas novidades. Navegue a<\/p>\n","protected":false},"author":1,"featured_media":0,"parent":0,"menu_order":0,"comment_status":"closed","ping_status":"closed","template":"","meta":{"colormag_page_container_layout":"default_layout","colormag_page_sidebar_layout":"default_layout","_monsterinsights_skip_tracking":false,"_monsterinsights_sitenote_active":false,"_monsterinsights_sitenote_note":"","_monsterinsights_sitenote_category":0,"footnotes":""},"class_list":["post-12481","page","type-page","status-publish","hentry"],"_links":{"self":[{"href":"https:\/\/noticiarionoar.online\/index.php?rest_route=\/wp\/v2\/pages\/12481","targetHints":{"allow":["GET"]}}],"collection":[{"href":"https:\/\/noticiarionoar.online\/index.php?rest_route=\/wp\/v2\/pages"}],"about":[{"href":"https:\/\/noticiarionoar.online\/index.php?rest_route=\/wp\/v2\/types\/page"}],"author":[{"embeddable":true,"href":"https:\/\/noticiarionoar.online\/index.php?rest_route=\/wp\/v2\/users\/1"}],"replies":[{"embeddable":true,"href":"https:\/\/noticiarionoar.online\/index.php?rest_route=%2Fwp%2Fv2%2Fcomments&post=12481"}],"version-history":[{"count":1,"href":"https:\/\/noticiarionoar.online\/index.php?rest_route=\/wp\/v2\/pages\/12481\/revisions"}],"predecessor-version":[{"id":12482,"href":"https:\/\/noticiarionoar.online\/index.php?rest_route=\/wp\/v2\/pages\/12481\/revisions\/12482"}],"wp:attachment":[{"href":"https:\/\/noticiarionoar.online\/index.php?rest_route=%2Fwp%2Fv2%2Fmedia&parent=12481"}],"curies":[{"name":"wp","href":"https:\/\/api.w.org\/{rel}","templated":true}]}}